{"id":9,"date":"2014-04-11T12:02:50","date_gmt":"2014-04-11T10:02:50","guid":{"rendered":"https:\/\/buecherberg.net\/?page_id=9"},"modified":"2018-10-23T15:44:49","modified_gmt":"2018-10-23T13:44:49","slug":"buecher","status":"publish","type":"page","link":"https:\/\/www.uwekauss.de\/?page_id=9","title":{"rendered":"B\u00fccher und Theaterst\u00fccke"},"content":{"rendered":"<p><strong>Seit 1995 sind 18 Buchtitel von mir erschienen. Darunter sind Sachb\u00fccher, Ratgeber, Kinderb\u00fccher, ein Bildband, ein regionaler Bestseller, ein fiktionales Sachbuch, ein Roman, ein Kurzkrimi und zudem zwei Theaterarbeiten.<\/strong><\/p>\n<p><strong><a href=\"https:\/\/www.uwekauss.de\/wp-content\/uploads\/2018\/10\/cover_giersberg_kauss__final_kl.jpg\"><img loading=\"lazy\" decoding=\"async\" class=\"alignleft size-full wp-image-828\" src=\"https:\/\/www.uwekauss.de\/wp-content\/uploads\/2018\/10\/cover_giersberg_kauss__final_kl.jpg\" alt=\"\" width=\"83\" height=\"100\" \/><\/a>Mach dich stark und fit<br \/>\n<\/strong>J\u00f6rn Giersberg ist Deutschlands bekanntester Personal Trainer. In seinem sehr pers\u00f6nlich geschriebenen Buch \u201eMach dich stark und fit\u201c erkl\u00e4rt er, wie einfach kluges Training funktioniert: Zweimal Mal pro Woche 45 bis 60 Minuten Sport gen\u00fcgen, um den K\u00f6rper innerhalb nur weniger Wochen gesund und sp\u00fcrbar positiv zu ver\u00e4ndern. <span class=\"shortDescription\"><em>J\u00f6rn Giersberg mit Uwe Kauss,\u00a0 Meyer &amp; Meyer 2018<\/em><\/span><\/p>\n<p>&nbsp;<\/p>\n<p><strong><a href=\"https:\/\/www.uwekauss.de\/wp-content\/uploads\/2018\/08\/marktmeister_clement_kauss.jpg\"><img loading=\"lazy\" decoding=\"async\" class=\"alignleft wp-image-793 size-full\" src=\"https:\/\/www.uwekauss.de\/wp-content\/uploads\/2018\/08\/marktmeister_clement_kauss.jpg\" alt=\"Marktmeister Clement ermittelt\" width=\"130\" height=\"100\" \/><\/a>Marktmeister Clement ermittelt<\/strong><br \/>\n<span class=\"shortDescription\">Das Theaterst\u00fcck im Auftrag der Stadt Offenbach entstand zum 150. Geburtstag des bekannten Wochenmarktes auf dem Wilhelmsplatz. Auf dem Viehmarkt ist ein Kalb verschwunden. <\/span><span class=\"shortDescription\">Ein Verbrechen? <\/span><span class=\"shortDescription\">Marktmeister Konrad Clement muss es finden. Dringend&#8230;<br \/>\n<\/span><em>Urauff\u00fchrung auf dem Offenbacher Wilhelmsplatz am 15.8.2018<\/em><\/p>\n<p>&nbsp;<\/p>\n<p><strong><a href=\"https:\/\/www.uwekauss.de\/wp-content\/uploads\/2018\/04\/Strich3_100.jpg\"><img loading=\"lazy\" decoding=\"async\" class=\"alignleft size-full wp-image-698\" src=\"https:\/\/www.uwekauss.de\/wp-content\/uploads\/2018\/04\/Strich3_100.jpg\" alt=\"\" width=\"65\" height=\"100\" \/><\/a>Unterm Strich:<\/strong><br \/>\n<span class=\"shortDescription\">Das Monodrama (t-raum-Theater, Regie: Sarah Baumann) wirft einen gnadenlosen Blick in die Tiefen der Seele eines modernen Erfolgsmenschen, der das Leben als langen Kontoauszug begreift und pl\u00f6tzlich seinen Kontostand nicht mehr abrufen kann.<br \/>\n<\/span><em>Urauff\u00fchrung im t-raum-Theater, Offenbach, am 11.5.2018<\/em><\/p>\n<p>&nbsp;<\/p>\n<p><a href=\"https:\/\/www.uwekauss.de\/wp-content\/uploads\/2018\/04\/cover_99xof_neu_kl.jpg\"><img loading=\"lazy\" decoding=\"async\" class=\"size-full wp-image-692 alignleft\" src=\"https:\/\/www.uwekauss.de\/wp-content\/uploads\/2018\/04\/cover_99xof_neu_kl.jpg\" alt=\"\" width=\"82\" height=\"100\" \/><\/a><strong>Das neue Neunundneunzigmal Offenbach<\/strong>.<br \/>\nKomplett \u00fcberarbeitete, 3. Neuauflage der 99 Geschichten \u00fcber ungew\u00f6hnliche Menschen und au\u00dfergew\u00f6hnliche Orte in der Stadt. Das Buch mit 18 neuen Stories, neuem Cover und vielen neuen Fotos erz\u00e4hlt von Offenbach, wie es nur wenige kennen<em>.<\/em><br \/>\n<em>Cocon Verlag 2017<\/em><\/p>\n<p>&nbsp;<\/p>\n<p><strong><a href=\"https:\/\/www.uwekauss.de\/wp-content\/uploads\/2018\/04\/cover_geheimnis_des_schwarzen_hundes_100.jpg\"><img loading=\"lazy\" decoding=\"async\" class=\"alignleft size-full wp-image-693\" src=\"https:\/\/www.uwekauss.de\/wp-content\/uploads\/2018\/04\/cover_geheimnis_des_schwarzen_hundes_100.jpg\" alt=\"\" width=\"64\" height=\"100\" \/><\/a>Das <\/strong><strong>Geheimnis des schwarzen Hundes<br \/>\n<\/strong>Ein alter Maler, der r\u00fcckw\u00e4rts geht. Ein Hund, der alleine Bus f\u00e4hrt. Ein Verbrechen, das aufgekl\u00e4rt werden muss. Diesen All-Age-Krimi habe ich im Auftrag der NiO (Nahverkehr in Offenbach) geschrieben. Er wurde an den vier Adventswochenenden 2017 von Promotoren in den Bussen vorgelesen. Die Kapitel stehen <a href=\"https:\/\/www.offenbach.de\/stadtwerke\/mobilitaet\/bus-und-bahn\/weihnachtskrimi-2017.php\" target=\"_blank\" rel=\"noopener\">kostenfrei zum Download<\/a> zur Verf\u00fcgung.<em> Nahverkehr in Offenbach<\/em> <em>2017<\/em><strong><br \/>\n<\/strong><\/p>\n<p>&nbsp;<\/p>\n<p><strong><img loading=\"lazy\" decoding=\"async\" class=\"alignleft wp-image-106 size-full\" src=\"https:\/\/www.uwekauss.de\/wp-content\/uploads\/2014\/04\/wons_titel_100.jpg\" alt=\"\" width=\"63\" height=\"100\" \/><a href=\"https:\/\/www.amazon.de\/Wein-oder-nicht-sein-Kauss\/dp\/3863142810\" target=\"_blank\" rel=\"noopener\">Wein oder nicht sein<\/a><\/strong><br \/>\nDrei Weinkenner &#8211; ein Sammler, ein Kritiker und ein H\u00e4ndler &#8211; werden in einen kalten Weinkeller mit den besten Weinen der Welt eingeschlossen. Eingesperrt hat sie ein mittelloser Rentner, der den Sammler seit vielen Jahren kennt. Doch warum? Mehr dazu <a title=\"Wein oder nicht sein\" href=\"https:\/\/www.uwekauss.de\/?page_id=27\">findet sich hier<\/a>.<br \/>\n<em>Roman, Cocon Verlag 2014, 2. Aufl. 2015<br \/>\n<\/em><\/p>\n<p>&nbsp;<\/p>\n<p><strong><img loading=\"lazy\" decoding=\"async\" class=\"alignleft wp-image-145 size-full\" src=\"https:\/\/www.uwekauss.de\/wp-content\/uploads\/2014\/04\/inside_of_100.jpg\" alt=\"\" width=\"115\" height=\"100\" \/>Inside Offenbach<br \/>\n<\/strong>Offenbach ist die Stadt der Entdeckungen. Sie bietet Neues, Ungewohntes und Staunenswertes. Kultur und Kleinode, Tradition und Avantgarde, Natur und Gro\u00dfstadt \u2013 das alles befindet sich direkt vor der Haust\u00fcr. Man muss nur wissen, wo. Offenbach bietet N\u00e4he, Lebensqualit\u00e4t und kontrastreiche Vielfalt. <em>Mit Susanne Reininger, <em>Stadt Offenbach <\/em>2012; 2. Aufl. Juli 2015<\/em><\/p>\n<p>&nbsp;<\/p>\n<p><strong><a href=\"https:\/\/www.uwekauss.de\/wp-content\/uploads\/2014\/04\/99xof_100.jpg\"><img loading=\"lazy\" decoding=\"async\" class=\"alignleft size-full wp-image-105\" src=\"https:\/\/www.uwekauss.de\/wp-content\/uploads\/2014\/04\/99xof_100.jpg\" alt=\"\" width=\"79\" height=\"100\" \/><\/a>Neunundneunzigmal Offenbach<\/strong>.<br \/>\n99 Geschichten \u00fcber ungew\u00f6hnliche Menschen und au\u00dfergew\u00f6hnliche Orte in der Stadt. Das Buch erz\u00e4hlt von Offenbach, wie es nur wenige kennen<em>.<\/em><br \/>\n<em>Cocon Verlag 2012<\/em><\/p>\n<p>&nbsp;<\/p>\n<p>&nbsp;<\/p>\n<p><strong><img loading=\"lazy\" decoding=\"async\" class=\"alignleft wp-image-111 size-full\" src=\"https:\/\/www.uwekauss.de\/wp-content\/uploads\/2014\/04\/willi_indianer_100.jpg\" alt=\"\" width=\"73\" height=\"100\" \/>Willi wills wissen R\u00e4stelband: Die Welt der Indianer<br \/>\n<\/strong>Hier erfahren Kinder alles Wissenswerte \u00fcber die Welt der Indianer, das Leben und die Br\u00e4uche der St\u00e4mme, ihre Sprachen, die Musik und die Kriege der Ureinwohner Amerikas. Begriffe wie Wigwam, H\u00e4uptling, Squaw und Medizinmann, Marterpfahl, Skalp oder Pr\u00e4rie werden kindgerecht erkl\u00e4rt.<strong><br \/>\n<\/strong><em>Baumhaus Verlag 2011<\/em><\/p>\n<p>&nbsp;<\/p>\n<p><strong><img loading=\"lazy\" decoding=\"async\" class=\"alignleft wp-image-108 size-full\" src=\"https:\/\/www.uwekauss.de\/wp-content\/uploads\/2014\/04\/klausspecktab_100.jpg\" alt=\"\" width=\"63\" height=\"100\" \/>Klaus speckt ab &#8211; wie ein Mann seinen Bauch begradigt<br \/>\n<\/strong>Ein Mann will nach unten &#8211; und zwar mit seinem Gewicht. Klaus, 40 Jahre alt, hat ein dickes Problem: Die Waage zeigt 150 Kilo. Da hilft alles nichts: Der Speck muss weg. Ein authentischer und rasend komischer Erfahrungsbericht \u00fcber den t\u00e4glichen Kampf gegen \u00fcberfl\u00fcssige Pfunde.<br \/>\nM<em>it Susanne Reininger, Ullstein Verlag<em> 2010<\/em><\/em><\/p>\n<p>&nbsp;<\/p>\n<p><strong><img loading=\"lazy\" decoding=\"async\" class=\"alignleft wp-image-113 size-full\" src=\"https:\/\/www.uwekauss.de\/wp-content\/uploads\/2014\/04\/weinelite_100-e1398344110867.jpg\" alt=\"\" width=\"75\" height=\"81\" \/>Deutschlands Weinelite &#8211; 100 Jahre VDP<br \/>\n<\/strong>Der zum 100. Geburtstags des Verbandes deutscher Pr\u00e4dikatswinzer (VDP) konzipierte Bildband stellt mit starken Fotoportr\u00e4ts die rund 200 Winzer vor. Jeder erz\u00e4hlt seine Geschichte und berichtet von den kleinen und gro\u00dfen Momenten in seiner Arbeit. <em>Mit Susanne Reininger; <em>Auftragsarbeit, <\/em>TreTorri Verlag <em><em>2010<\/em><\/em><\/em><\/p>\n<p>&nbsp;<\/p>\n<p><strong><img loading=\"lazy\" decoding=\"async\" class=\"alignleft wp-image-118 size-full\" src=\"https:\/\/www.uwekauss.de\/wp-content\/uploads\/2014\/04\/cocoon_club_menues_100.jpg\" alt=\"\" width=\"80\" height=\"100\" \/>Mario Lohninger &#8211; Cocoon Club Menues<br \/>\n<\/strong>Im Format eines Bookazines pr\u00e4sentiert Sternekoch Mario Lohninger seine kreative und moderne K\u00fcche aus dem legend\u00e4ren Silk Bed Restaurant im Cocoon Club. Er erz\u00e4hlt seinen spannenden Werdegang, der ihn von \u00d6sterreich nach Los Angeles, New York, Asien bis nach Frankfurt am Main gef\u00fchrt hat.<strong><br \/>\n<\/strong><em>Auftragsarbeit; TreTorri Verlag <em>2009<\/em><\/em><\/p>\n<p>&nbsp;<\/p>\n<p><img loading=\"lazy\" decoding=\"async\" class=\"alignleft wp-image-167 size-full\" src=\"https:\/\/www.uwekauss.de\/wp-content\/uploads\/2014\/04\/science_x_100.jpg\" alt=\"\" width=\"78\" height=\"100\" \/><strong>Science X &#8211; das Experimentierbuch<\/strong><br \/>\nWasser ist nass, Flugzeuge k\u00f6nnen fliegen und wo Licht ist gibt es Schatten. Alles ganz logisch?\u00a0 Doch warum ist das so? In diesem Buch gibt es viele spannende Experimente, mit denen Kinder den naturwissenschaftlichen Ph\u00e4nomenen auf den Grund gehen k\u00f6nnen.<br \/>\n<em>Mit Susanne Reininger und Charlotte Willmer-Klumpp, Ravensburger 2009<\/em><\/p>\n<p>&nbsp;<\/p>\n<p><strong><img loading=\"lazy\" decoding=\"async\" class=\"alignleft wp-image-125 size-full\" src=\"https:\/\/www.uwekauss.de\/wp-content\/uploads\/2014\/04\/willi_fahrzeuge_100.jpg\" alt=\"\" width=\"75\" height=\"100\" \/>Willi wills wissen R\u00e4tselband: Fahrzeuge<br \/>\n<\/strong>Fahrrad, Auto, Schulbus, Flugzeug, Raumf\u00e4hre und Schiff. Alles bewegt sich &#8211; zu Land, zu Wasser und in der Luft. Spannender l\u00e4sst sich Technik mit all seinen Details nicht erkl\u00e4ren als an Fahrzeugen. Hier k\u00f6nnen Kinder spielerisch r\u00e4tseln und lernen. Perfekt f\u00fcr Freizeit und Schule!<strong><br \/>\n<\/strong><em>Baumhaus Verlag 2009<\/em><\/p>\n<p>&nbsp;<\/p>\n<p><strong><img loading=\"lazy\" decoding=\"async\" class=\"alignleft wp-image-131 size-full\" src=\"https:\/\/www.uwekauss.de\/wp-content\/uploads\/2014\/04\/willi_ritter_100.jpg\" alt=\"\" width=\"73\" height=\"100\" \/>Willi wills wissen: Wie kommt der Ritter in die R\u00fcstung?<br \/>\n<\/strong>Willi will alles \u00fcber Burgen und Ritter wissen. So trifft er Menschen, die in ihrer Freizeit das Leben im Mittelalter nachspielen. Willi probiert aus, eine echte R\u00fcstung anzulegen. Er erf\u00e4hrt alles \u00fcber Burgen, Kettenhemden, Schwerter und Wappen, \u00fcber Edelm\u00e4nner und Knechte, \u00fcber Ritterschl\u00e4ge und Kampfspiele.<strong><br \/>\n<\/strong><em>Mit J\u00f6rg Nellen, Baumhaus Verlag 2008<\/em><\/p>\n<p>&nbsp;<\/p>\n<p><strong><img loading=\"lazy\" decoding=\"async\" class=\"alignleft wp-image-135 size-full\" src=\"https:\/\/www.uwekauss.de\/wp-content\/uploads\/2014\/04\/willi_strom_100.jpg\" alt=\"\" width=\"70\" height=\"100\" \/>Willi wills wissen: Wie kommt der Strom in die Steckdose?<br \/>\n<\/strong>Es ist so einfach: Man muss nur einen Schalter knipsen und schon geht das Licht an. Warum? Weil Strom flie\u00dft. Und woher kommt Strom? Aus der Steckdose! Und wie wird er gemacht? Willi lernt Wasserkraftwerke, Turbinen, Generatoren und Stromleitungen kennen. Und er besteigt eine 74 Meter hohe Windkraftanlage<strong>.<br \/>\n<\/strong><em>Baumhaus Verlag 2007<\/em><\/p>\n<p>&nbsp;<\/p>\n<p><strong><em><strong><img loading=\"lazy\" decoding=\"async\" class=\"alignleft wp-image-137 size-full\" src=\"https:\/\/www.uwekauss.de\/wp-content\/uploads\/2014\/04\/willi_feuerwehr_100.jpg\" alt=\"\" width=\"72\" height=\"100\" \/><\/strong><\/em>Willi wills wissen: Wer rennt, wenn&#8217;s brennt?<br \/>\n<\/strong>Hei\u00df geht\u2019s her, denn Willi will alles \u00fcber die Feuerwehr wissen. Er besucht eine Feuerwache, staunt \u00fcber Technik und Ausr\u00fcstung, und darf die Stange zu den Fahrzeugen herunter rutschen. Sp\u00e4ter besucht Willi die Leitstelle, ein L\u00f6schboot und die Feuerwehr am Flughafen. Und er darf die Drehleiter ausprobieren!<br \/>\n<em>Baumhaus Verlag 2007<\/em><\/p>\n<p>&nbsp;<\/p>\n<p><strong><img loading=\"lazy\" decoding=\"async\" class=\"alignleft wp-image-140 size-full\" src=\"https:\/\/www.uwekauss.de\/wp-content\/uploads\/2014\/04\/willi_geld_100.jpg\" alt=\"\" width=\"70\" height=\"100\" \/>Willi wills wissen: Wie kommt das Geld in die Welt?<br \/>\n<\/strong>Geld gibt&#8217;s auf der Bank. Aber woher kommt, wohin geht es? Willi verfolgt den Weg eines 50-Euro-Scheins. Der kommt in den Tresor, wird von Geldboten zur Zentralbank transportiert, gepr\u00fcft und wieder in Umlauf gebracht. Willi erf\u00e4hrt, wie Geld hergestellt wird, warum der Euro kam, warum es EC-Karten gibt und warum die Bank Bank hei\u00dft. <em>Baumhaus Verlag 2006<\/em><\/p>\n<p>&nbsp;<\/p>\n<p><strong><img loading=\"lazy\" decoding=\"async\" class=\"alignleft wp-image-148 size-full\" src=\"https:\/\/www.uwekauss.de\/wp-content\/uploads\/2014\/04\/willi_astronaut_100.jpg\" alt=\"\" width=\"70\" height=\"100\" \/>Willi wills wissen: Wie wird man Astronaut?<br \/>\n<\/strong>Im ESA-Trainingszentrum, der Ausbildungsst\u00e4tte f\u00fcr Astronauten, wird Willi hart\u00a0 auf die Probe gestellt: Training in der Zentrifuge, Gleichgewichtssinn-Test und Simulation eines Notfalles. Au\u00dferdem spricht Willi mit Astronauten \u00fcber die Arbeit und das Leben in der Schwerelosigkeit. Ein Willi-Sachbuch \u00fcber die Faszination des Weltalls und Raumfl\u00fcge<strong>. <\/strong><em>Baumhaus Verlag 2006<br \/>\n<strong><br \/>\n<\/strong><\/em><\/p>\n<p><strong>Sex im Internet &#8211; das moderne Aufkl\u00e4rungsbuch<\/strong><br \/>\nM<em>it <a href=\"https:\/\/www.schieb.de\/\">J\u00f6rg Schieb<\/a>; Ullstein Sybex Verlag <em>2000\u00a0<\/em><\/em><\/p>\n<p><strong>MS-DOS f\u00fcr Einsteiger<\/strong><br \/>\nM<em>it Peter Stephan; Franzis Verlag <em>1995<\/em><\/em><\/p>\n","protected":false},"excerpt":{"rendered":"<p>Seit 1995 sind 18 Buchtitel von mir erschienen. Darunter sind Sachb\u00fccher, Ratgeber, Kinderb\u00fccher, ein Bildband, ein regionaler Bestseller, ein fiktionales Sachbuch, ein Roman, ein Kurzkrimi und zudem zwei Theaterarbeiten. Mach dich stark und fit J\u00f6rn Giersberg ist Deutschlands bekanntester Personal &hellip; <a href=\"https:\/\/www.uwekauss.de\/?page_id=9\">Weiterlesen <span class=\"meta-nav\">&rarr;<\/span><\/a><\/p>\n","protected":false},"author":1,"featured_media":0,"parent":0,"menu_order":0,"comment_status":"closed","ping_status":"closed","template":"","meta":{"footnotes":""},"class_list":["post-9","page","type-page","status-publish","hentry"],"aioseo_notices":[],"_links":{"self":[{"href":"https:\/\/www.uwekauss.de\/index.php?rest_route=\/wp\/v2\/pages\/9","targetHints":{"allow":["GET"]}}],"collection":[{"href":"https:\/\/www.uwekauss.de\/index.php?rest_route=\/wp\/v2\/pages"}],"about":[{"href":"https:\/\/www.uwekauss.de\/index.php?rest_route=\/wp\/v2\/types\/page"}],"author":[{"embeddable":true,"href":"https:\/\/www.uwekauss.de\/index.php?rest_route=\/wp\/v2\/users\/1"}],"replies":[{"embeddable":true,"href":"https:\/\/www.uwekauss.de\/index.php?rest_route=%2Fwp%2Fv2%2Fcomments&post=9"}],"version-history":[{"count":91,"href":"https:\/\/www.uwekauss.de\/index.php?rest_route=\/wp\/v2\/pages\/9\/revisions"}],"predecessor-version":[{"id":829,"href":"https:\/\/www.uwekauss.de\/index.php?rest_route=\/wp\/v2\/pages\/9\/revisions\/829"}],"wp:attachment":[{"href":"https:\/\/www.uwekauss.de\/index.php?rest_route=%2Fwp%2Fv2%2Fmedia&parent=9"}],"curies":[{"name":"wp","href":"https:\/\/api.w.org\/{rel}","templated":true}]}}