{"id":53,"date":"2014-04-16T17:14:21","date_gmt":"2014-04-16T15:14:21","guid":{"rendered":"https:\/\/buecherberg.net\/?page_id=53"},"modified":"2014-04-16T17:23:17","modified_gmt":"2014-04-16T15:23:17","slug":"impressum","status":"publish","type":"page","link":"https:\/\/www.uwekauss.de\/?page_id=53","title":{"rendered":"Impressum"},"content":{"rendered":"<p><span style=\"font-size: large;\"><strong>Impressum<\/strong><\/span><\/p>\n<p><strong>Inhaltlich Verantwortlicher gem\u00e4\u00df \u00a7 6 MDStV:<\/strong><\/p>\n<p>Uwe Kauss<br \/>\nBettinastra\u00dfe 53<br \/>\n63 067 Offenbach<br \/>\nMail: mail(AT)uwekauss.de<br \/>\nTelefon: (069) 13 82 02 34<\/p>\n<p><strong>Urheberrechtlicher Hinweis<\/strong><br \/>\nAlle hier ver\u00f6ffentlichten Artikel und Inhalte sind urheberrechtlich gesch\u00fctzt. Alle Rechte liegen beim Inhaber dieser Site oder beim jeweils angegebenen Medium. Die Verwendung von Inhalten auf dieser Site ist nur nach schriftlicher Genehmigung erlaubt. Bei Zuwiderhandlung gehe ich dagegen sofort und ohne Vorwarnung mit rechtlichen Mitteln vor.<\/p>\n<p><strong>Haftungsausschlu\u00df<\/strong><br \/>\nDiese Website kann Hyperlinks auf Webseiten Dritter enthalten. Ich \u00fcbernehme f\u00fcr die Inhalte dieser Webseiten weder eine eigene Verantwortung, noch mache ich mir diese Webseiten und ihre Inhalte zu eigen, da ich die verlinkten Informationen nicht kontrollieren und f\u00fcr die dort bereit gehaltenen Inhalte und Informationen auch nicht verantwortlich bin. Deren Nutzung erfolgt auf eigenes Risiko des Nutzers.<\/p>\n<p><strong>Verwendung von Produktbezeichnungen<\/strong><br \/>\nDie Nennung von Produkten anderer Hersteller oder Anbieter dient ausschlie\u00dflich zur Information und stellt keinen Warenzeichenmissbrauch und keine Empfehlung dar.<\/p>\n<p>Die G\u00fcltigkeit dieses Impressums bezieht sich auf www.uwekauss.de.<\/p>\n","protected":false},"excerpt":{"rendered":"<p>Impressum Inhaltlich Verantwortlicher gem\u00e4\u00df \u00a7 6 MDStV: Uwe Kauss Bettinastra\u00dfe 53 63 067 Offenbach Mail: mail(AT)uwekauss.de Telefon: (069) 13 82 02 34 Urheberrechtlicher Hinweis Alle hier ver\u00f6ffentlichten Artikel und Inhalte sind urheberrechtlich gesch\u00fctzt. Alle Rechte liegen beim Inhaber dieser Site &hellip; <a href=\"https:\/\/www.uwekauss.de\/?page_id=53\">Weiterlesen <span class=\"meta-nav\">&rarr;<\/span><\/a><\/p>\n","protected":false},"author":1,"featured_media":0,"parent":0,"menu_order":0,"comment_status":"closed","ping_status":"closed","template":"","meta":{"footnotes":""},"class_list":["post-53","page","type-page","status-publish","hentry"],"aioseo_notices":[],"_links":{"self":[{"href":"https:\/\/www.uwekauss.de\/index.php?rest_route=\/wp\/v2\/pages\/53","targetHints":{"allow":["GET"]}}],"collection":[{"href":"https:\/\/www.uwekauss.de\/index.php?rest_route=\/wp\/v2\/pages"}],"about":[{"href":"https:\/\/www.uwekauss.de\/index.php?rest_route=\/wp\/v2\/types\/page"}],"author":[{"embeddable":true,"href":"https:\/\/www.uwekauss.de\/index.php?rest_route=\/wp\/v2\/users\/1"}],"replies":[{"embeddable":true,"href":"https:\/\/www.uwekauss.de\/index.php?rest_route=%2Fwp%2Fv2%2Fcomments&post=53"}],"version-history":[{"count":1,"href":"https:\/\/www.uwekauss.de\/index.php?rest_route=\/wp\/v2\/pages\/53\/revisions"}],"predecessor-version":[{"id":54,"href":"https:\/\/www.uwekauss.de\/index.php?rest_route=\/wp\/v2\/pages\/53\/revisions\/54"}],"wp:attachment":[{"href":"https:\/\/www.uwekauss.de\/index.php?rest_route=%2Fwp%2Fv2%2Fmedia&parent=53"}],"curies":[{"name":"wp","href":"https:\/\/api.w.org\/{rel}","templated":true}]}}