{"id":30,"date":"2014-04-11T12:10:52","date_gmt":"2014-04-11T10:10:52","guid":{"rendered":"https:\/\/buecherberg.net\/?page_id=30"},"modified":"2014-05-03T15:19:40","modified_gmt":"2014-05-03T13:19:40","slug":"pr-und-werbetext","status":"publish","type":"page","link":"https:\/\/www.uwekauss.de\/?page_id=30","title":{"rendered":"PR- und Werbetext"},"content":{"rendered":"<p><strong>Strukturierte Analyse, passgenaue Beratung und individuelle Umsetzung im (Kon)text.<\/strong><br \/>\nMit diesem Ansatz unterst\u00fctze ich Agenturen und Unternehmen bei der Analyse, der spezifischen Probleml\u00f6sung, bei der Fokussierung von Botschaften, dem Finden und Aufschreiben der richtigen Stories sowie der strategischen Weiterentwicklung von Images und Marken. F\u00fcr alle Medienformen. F\u00fcr alle Zielgruppen. Online und offline.<\/p>\n<p>In der Kommunikationsberatung konzipiere ich PR- und Advertising-L\u00f6sungen und schreibe punktgenaue Texte f\u00fcr Unternehmen sowie deren Produkte und Dienstleistungen. Ob Corporate Communications, Pressetext, Fachbeitrag, Web-Text, Newsletter oder klassische Claims und Kampagnen &#8211; f\u00fcr mich gibt nur ein Ziel: Die richtige Botschaft, genau auf den Punkt gebracht.<\/p>\n<p><span style=\"font-size: 14pt;\"><strong>Einige Referenzen:<\/strong><\/span><br \/>\nDeutsche Telekom AG, Bonn<br \/>\nT-Online, Darmstadt<br \/>\nPower &amp; Air Solutions, M\u00fcnchen<br \/>\n3deluxe Transdisciplinary Design, Wiesbaden<br \/>\nBibliographisches Institut F.A. Brockhaus, Mannheim und Leipzig<br \/>\nKlett Verlag, Stuttgart<br \/>\nHerdt Verlag f\u00fcr Bildungsmedien, Bodenheim<br \/>\nCisco, Hallbergmoos (mit Threeview Communications)<br \/>\nIBM, Stuttgart<br \/>\nTalentsoft, Mannheim<br \/>\nLinda Apotheken (mit Ahoi Communications)<br \/>\nDenon Allmedia Corporate Publishing, Rapperswil (Schweiz)<br \/>\nCoop Zeitung, Basel (Schweiz)<br \/>\nStadt Offenbach<br \/>\nFidelity Investments, Frankfurt (mit Trust Werbeagentur)<br \/>\nSingapore Airlines, Frankfurt<br \/>\nNeckermann Versand AG, Frankfurt<\/p>\n<p><strong>Grundlage dieser Arbeiten waren die umfangreichen Erfahrungen, die ich in den vergangenen Jahren in der F\u00fchrung von Redaktionsteams und Medienobjekten sammeln durfte:<\/strong><\/p>\n<ul class=\"Stil6\" type=\"square\">\n<li>Leitung des Ressorts &#8222;Magazin&#8220; beim Computermagazin CHIP<\/li>\n<li>Gr\u00fcndung, Konzeption, Planung und Leitung der 30k\u00f6pfigen Redaktion des G+J Computer Channel an drei Standorten<\/li>\n<li>Die Gr\u00fcndung und Gesch\u00e4ftsf\u00fchrung des Mediendienstleisters TigerVision online publishing<\/li>\n<li>Die Redaktionsleitung der Portale Computer und Games als Senior Manager der T-Online International AG<\/li>\n<\/ul>\n<p class=\"Stil6\"><strong>Meine Arbeit im Redaktionsmanagement und in den darauf folgenden Projekten der vergangenen Jahre umfasste dabei:<\/strong><\/p>\n<ul class=\"Stil6\" type=\"square\">\n<li>Objektentwicklung<\/li>\n<li>Inhaltliche Redaktionsleitung<\/li>\n<li>Budgetplanung<\/li>\n<li>Personalf\u00fchrung und Leitung<\/li>\n<li>Zielgruppenanalyse<\/li>\n<li>Konzeption<\/li>\n<li>Internet-Usability<\/li>\n<li>Website-Produktion<\/li>\n<li>Strategische PR-Konzeption und Planung<\/li>\n<li>Strategische Textarbeit<\/li>\n<li>Kooperation und Koordination mit Agenturen und Partnern<\/li>\n<li>Analyse und Planung der Weiterbildung<\/li>\n<\/ul>\n","protected":false},"excerpt":{"rendered":"<p>Strukturierte Analyse, passgenaue Beratung und individuelle Umsetzung im (Kon)text. Mit diesem Ansatz unterst\u00fctze ich Agenturen und Unternehmen bei der Analyse, der spezifischen Probleml\u00f6sung, bei der Fokussierung von Botschaften, dem Finden und Aufschreiben der richtigen Stories sowie der strategischen Weiterentwicklung von &hellip; <a href=\"https:\/\/www.uwekauss.de\/?page_id=30\">Weiterlesen <span class=\"meta-nav\">&rarr;<\/span><\/a><\/p>\n","protected":false},"author":1,"featured_media":0,"parent":0,"menu_order":0,"comment_status":"closed","ping_status":"closed","template":"","meta":{"footnotes":""},"class_list":["post-30","page","type-page","status-publish","hentry"],"aioseo_notices":[],"_links":{"self":[{"href":"https:\/\/www.uwekauss.de\/index.php?rest_route=\/wp\/v2\/pages\/30","targetHints":{"allow":["GET"]}}],"collection":[{"href":"https:\/\/www.uwekauss.de\/index.php?rest_route=\/wp\/v2\/pages"}],"about":[{"href":"https:\/\/www.uwekauss.de\/index.php?rest_route=\/wp\/v2\/types\/page"}],"author":[{"embeddable":true,"href":"https:\/\/www.uwekauss.de\/index.php?rest_route=\/wp\/v2\/users\/1"}],"replies":[{"embeddable":true,"href":"https:\/\/www.uwekauss.de\/index.php?rest_route=%2Fwp%2Fv2%2Fcomments&post=30"}],"version-history":[{"count":27,"href":"https:\/\/www.uwekauss.de\/index.php?rest_route=\/wp\/v2\/pages\/30\/revisions"}],"predecessor-version":[{"id":287,"href":"https:\/\/www.uwekauss.de\/index.php?rest_route=\/wp\/v2\/pages\/30\/revisions\/287"}],"wp:attachment":[{"href":"https:\/\/www.uwekauss.de\/index.php?rest_route=%2Fwp%2Fv2%2Fmedia&parent=30"}],"curies":[{"name":"wp","href":"https:\/\/api.w.org\/{rel}","templated":true}]}}