{"id":27,"date":"2014-04-11T12:09:42","date_gmt":"2014-04-11T10:09:42","guid":{"rendered":"https:\/\/buecherberg.net\/?page_id=27"},"modified":"2022-09-26T15:03:44","modified_gmt":"2022-09-26T13:03:44","slug":"wein-oder-nicht-sein","status":"publish","type":"page","link":"https:\/\/www.uwekauss.de\/?page_id=27","title":{"rendered":"Wein oder nicht sein"},"content":{"rendered":"<p><strong><img loading=\"lazy\" decoding=\"async\" class=\"alignleft wp-image-96 size-medium\" src=\"https:\/\/www.uwekauss.de\/wp-content\/uploads\/2014\/04\/wons_titel_kl-189x300.jpg\" alt=\"\" width=\"189\" height=\"300\" srcset=\"https:\/\/www.uwekauss.de\/wp-content\/uploads\/2014\/04\/wons_titel_kl-189x300.jpg 189w, https:\/\/www.uwekauss.de\/wp-content\/uploads\/2014\/04\/wons_titel_kl.jpg 600w\" sizes=\"auto, (max-width: 189px) 100vw, 189px\" \/>Ein fein verwobener, mitrei\u00dfender und spannender Roman \u00fcber die seltsame Freundschaft dreier M\u00e4nner mit Wein-Obsession, ihre Einsamkeit, den feinen Unterschied in unserer Gesellschaft &#8211; und warum ein Geheimnis sie in einem eiskalten Weinkeller in Todesgefahr bringt. <\/strong><\/p>\n<p>\u201e<i>Wenn ich in einem Rotwein nasses Laub, Erde und Waldboden schmecke, kommt sofort die Erinnerung an meine Zeit im Kinderheim. Da musste ich stundenlang im Herbst durch den Wald wandern, meine F\u00fc\u00dfe waren fast blau gefroren und die anderen Jungs drangsalierten und pr\u00fcgelten mich. Das rieche ich! Und wenn alle den Wein f\u00fcr diese Aromen bejubeln, bin ich ganz still.<\/i>\u201c<\/p>\n<p>Der Weinsammler Kurt Gilser hat im Lauf seines Lebens die besten Weine der Welt zusammengetragen. Er lagert 35.000 Flaschen in einem alten Luftschutzbunker unter dem Garten seines Hauses in Offenbach. Mit seinen Freunden, dem jungen Frankfurter Weinh\u00e4ndler Sebastian Renz und dem bekannten Kritiker Paul Winterburg, geht er hinunter, um ber\u00fchmten und sehr teuren Bordeaux zu probieren. W\u00e4hrend sie kosten und diskutieren, schlie\u00dft sich die alarmgesicherte Stahlt\u00fcr am Eingang. Im Bunker gibt es kein Handynetz, ihre Befreiungsversuche scheitern. Eingesperrt hat sie der mittellose Rentner Martin Baumg\u00e4rtner, der Kurt Gilser seit Jahren kennt. Danach beginnt er, wie immer, seine Sp\u00e4tschicht als Wachmann beim Sicherheitsdienst. Seiner kranken Ehefrau erz\u00e4hlt er kein Wort. Die drei sind gefangen in der K\u00e4lte des Weinkellers. Doch warum? Sie sind allein mit ihrer Panik, ihrer Hoffnung, den besten Weinen der Welt \u2013- und einem Geheimnis.<\/p>\n<p><strong>Cocon Verlag, erschienen im Mai 2014, 2. Aufl. Dez. 2014, 16,80 \u20ac. Zu beziehen in jeder Buchhandlung oder online \u00fcber <a href=\"https:\/\/www.amazon.de\/Wein-oder-nicht-sein-Kauss\/dp\/3863142810\/\" target=\"_blank\" rel=\"noopener noreferrer\">Amazon<\/a> und <a href=\"https:\/\/www.buecher.de\/shop\/tatort-kueche\/wein-oder-nicht-sein\/kauss-uwe\/products_products\/detail\/prod_id\/42004325\/\" target=\"_blank\" rel=\"noopener noreferrer\">buecher.de<\/a>. Auch in \u00d6sterreich und der Schweiz ist er verf\u00fcgbar.<\/strong><\/p>\n","protected":false},"excerpt":{"rendered":"<p>Ein fein verwobener, mitrei\u00dfender und spannender Roman \u00fcber die seltsame Freundschaft dreier M\u00e4nner mit Wein-Obsession, ihre Einsamkeit, den feinen Unterschied in unserer Gesellschaft &#8211; und warum ein Geheimnis sie in einem eiskalten Weinkeller in Todesgefahr bringt. \u201eWenn ich in einem &hellip; <a href=\"https:\/\/www.uwekauss.de\/?page_id=27\">Weiterlesen <span class=\"meta-nav\">&rarr;<\/span><\/a><\/p>\n","protected":false},"author":1,"featured_media":0,"parent":0,"menu_order":0,"comment_status":"closed","ping_status":"closed","template":"","meta":{"footnotes":""},"class_list":["post-27","page","type-page","status-publish","hentry"],"aioseo_notices":[],"_links":{"self":[{"href":"https:\/\/www.uwekauss.de\/index.php?rest_route=\/wp\/v2\/pages\/27","targetHints":{"allow":["GET"]}}],"collection":[{"href":"https:\/\/www.uwekauss.de\/index.php?rest_route=\/wp\/v2\/pages"}],"about":[{"href":"https:\/\/www.uwekauss.de\/index.php?rest_route=\/wp\/v2\/types\/page"}],"author":[{"embeddable":true,"href":"https:\/\/www.uwekauss.de\/index.php?rest_route=\/wp\/v2\/users\/1"}],"replies":[{"embeddable":true,"href":"https:\/\/www.uwekauss.de\/index.php?rest_route=%2Fwp%2Fv2%2Fcomments&post=27"}],"version-history":[{"count":13,"href":"https:\/\/www.uwekauss.de\/index.php?rest_route=\/wp\/v2\/pages\/27\/revisions"}],"predecessor-version":[{"id":899,"href":"https:\/\/www.uwekauss.de\/index.php?rest_route=\/wp\/v2\/pages\/27\/revisions\/899"}],"wp:attachment":[{"href":"https:\/\/www.uwekauss.de\/index.php?rest_route=%2Fwp%2Fv2%2Fmedia&parent=27"}],"curies":[{"name":"wp","href":"https:\/\/api.w.org\/{rel}","templated":true}]}}