{"id":24,"date":"2014-04-11T12:09:17","date_gmt":"2014-04-11T10:09:17","guid":{"rendered":"https:\/\/buecherberg.net\/?page_id=24"},"modified":"2019-08-26T13:24:59","modified_gmt":"2019-08-26T11:24:59","slug":"lesungen","status":"publish","type":"page","link":"https:\/\/www.uwekauss.de\/?page_id=24","title":{"rendered":"Lesungen"},"content":{"rendered":"<p><strong>Do, 21. Nov. 2019, 19.00h<br \/>\n<\/strong>Lesung &#8222;Wein oder nicht sein&#8220; im Hochheimer Weinbaumuseum, Wiesbadener Str. 1, 65239 Hochheim am Main,\u00a0 Tel (06146) 90 03 33.<\/p>\n<p><strong>Mo, 23. Sept. 2019, 19.00h<br \/>\n<\/strong>Autorenabend mit Lesung &#8222;Wein oder nicht sein&#8220; in der Buchhandlung Idstein, <span class=\"LrzXr\">Friedensplatz 6, 65375 Oestrich-Winkel<\/span>. Eintritt inkl. Wein und Speisen: 20,00 Euro<\/p>\n<p><strong>Fr, 12. Juli 2019, 19.00h<br \/>\n<\/strong>Lesung &#8222;Die Stille im Weinberg&#8220; mit Krimiwanderung beim <a href=\"https:\/\/www.weingut-k-f-groebe.de\">Weingut K. F. Groebe<\/a>, Mainzer Stra\u00dfe 18, 67593 Westhofen. Organisator: Vinissima e.V. Eintritt inkl. Wein und Speisen: 25,00 Euro<\/p>\n<p><strong>Fr, 21. Juni 2019 &#8211; So, 23. Juni 2019<br \/>\n<\/strong>Lesungspremiere: &#8222;Die Stille im Weinberg&#8220; mit Krimiwanderung im <a href=\"http:\/\/www.erlebnisweingut.de\" target=\"_blank\" rel=\"noopener noreferrer\">Erlebnisweingut Zahn<\/a>, Weinbergstra\u00dfe 18,\u00a099518 Gro\u00dfheringen-Kaatschen (Saale Unstrut). Ausverkauft!<\/p>\n<p><strong>Sa, 18. August 2018, 18h<br \/>\n<\/strong>Lesung &#8222;Neunundneunzigmal Offenbach&#8220; im Kunstverein im KOMM, Aliceplatz 11, 63065 Offenbach &#8211; in der Ausstellung &#8222;250 Jahre Aliceplatz&#8220;, die ich erarbeitet und kuratiert habe. Eintritt frei!<\/p>\n<p><strong>Do, 19. April 2018, 17h<br \/>\n<\/strong>Lesung &#8222;Neunundneunzigmal Offenbach&#8220; in der Bibliothek des Deutschen Wetterdienstes (DWD), Frankfurter Stra\u00dfe 135, 63067 Offenbach<\/p>\n<p><strong>Di, 10. Apr. 2018, 19h<\/strong><br \/>\nLesung &#8222;Neunundneunzigmal Offenbach&#8220; im Kleinen Kultursalon der VHS Offenbach, Berliner Str.77 (EG), <span class=\"_Xbe\">63065 Offenbach<\/span>.<\/p>\n<p><strong>Do, 15. M\u00e4rz 2018, 19h<\/strong><br \/>\nLesung &#8222;Wein oder nicht sein&#8220; in der Privatkelterei van Nahmen, Diersfordter Stra\u00dfe 27, 46499 Hamminkeln.<\/p>\n<p><strong>Sa, 02. Dez. 2017, 15 &#8211; 17h<\/strong><br \/>\nSignierstunde &#8222;Neunundneunzigmal Offenbach&#8220; im Thalia im KOMM Offenbach, Aliceplatz 11, <span class=\"_Xbe\">63065 Offenbach<\/span>. Eintritt frei<\/p>\n<p><strong>Do, 30. Nov. 2017, 19h<\/strong><br \/>\nPremierenlesung der \u00fcberarbeiteten Neuauflage von &#8222;Neunundneunzigmal Offenbach&#8220; im Filmklubb, Isenburgring 36, 63069 Offenbach, Tel. (0177) 2222 345 (Nicole Werth). Eintritt: 8 Euro<\/p>\n<p><strong>Sa, 14. Okt. 2017, 14.00h<\/strong><br \/>\nStadtLesen, Lesewohnzimmer am Aliceplatz, 63065 Offenbach<br \/>\nLesung aus &#8222;Neunundneunzigmal Offenbach&#8220; und der unver\u00f6ffentlichten Erz\u00e4hlung &#8222;Spaziergang mit Hund&#8220;. Eintritt frei.<\/p>\n<p><span style=\"font-size: 18pt;\"><strong>&#8222;Wein oder nicht sein&#8220;<\/strong><\/span><\/p>\n<p><strong>Do, 24. Nov. 2016, 19.30h<\/strong><br \/>\nElisabeth-Haus, Kirchgasse 3, 64380 Ro\u00dfdorf. Veranstalter:\u00a0B\u00fccherei-Freunde Ro\u00dfdorf\/Gundernhausen e.V., Tel. (06154) 60 88 80.<\/p>\n<p><strong>Di, 08. Nov. 2016, 19h<\/strong><br \/>\nKleiner Kultursalon der VHS Offenbach, Berliner Str. 77, 63065 Offenbach,<span class=\"SP-link-label\"> Tel (<\/span>069) 8065 3141<\/p>\n<p><strong>Mi, 02. Nov. 2016, 19h<\/strong><br \/>\nVolksbildungswerk Bierstadt e.V., Haus der Vereine (Saal), Turmstra\u00dfe 1, 65205 Wiesbaden-Nordenstadt. Eintritt: 8 Euro<\/p>\n<p><strong>So, 15. Mai 2016, 17.00h<br \/>\n<\/strong>Hochheimer Weinbaumuseum, <span class=\"_Xbe\">Wiesbadener Str. 1, 65239 Hochheim am Main<\/span>,\u00a0 Tel (<span class=\"_Xbe kno-fv\">06146) 90 03 33<\/span>.<\/p>\n<p><strong>Do, 8. Apr. 2016, 19.00h<br \/>\n<\/strong>Vom Fass Olpe, Frankfurter Str. 14, 57462 Olpe, Tel (2761) 9434 488.<\/p>\n<p><strong>Do, 31. M\u00e4rz 2016, 20.00h<br \/>\n<\/strong>Weinclub Sieben (W7), Siebensterngasse 27\/2, 1070 Wien, Tel +43 6764 1443 39.<\/p>\n<p><strong>Sa, 23. Jan. 2016, 18.00h<br \/>\n<\/strong>Lesung mit Wein &amp; Dinner im Gasthaus Noll, Oberlauengasse 19, 07743 Jena, Tel (03641) 2317 35. Eintritt<strong>: <\/strong>59 Euro. Veranstalter: Vom Fass Jena.<\/p>\n<p><strong>Sa, 16. Jan. 2016, 18.00h<br \/>\n<\/strong>Crime &amp; Wine am Kaminfeuer im Weingut Sonnenberg, Heerstra\u00dfe 98, 53474 Bad Neuenahr-Ahrweiler, Tel (02641) 6713. Lesung mit Musik von Christian Meringolo<strong>. <\/strong>Eintritt<strong>: <\/strong>14 Euro inkl. einem Glas Wein. Einlass ab 17h.<\/p>\n<p><strong>Sa, 28. Nov. 2015, 19.30h<br \/>\n<\/strong><a href=\"https:\/\/www.weingut-k-f-groebe.de\/\" target=\"_blank\" rel=\"noopener noreferrer\">Weingut Groebe<\/a>, Mainzer Stra\u00dfe 18, 67593 Westhofen, Tel. (06244) 4523<br \/>\nEintritt: frei!<\/p>\n<p><strong>Fr, 20. Nov. 2015, 20h<br \/>\n<\/strong>Alte Sektkellerei Falkenberg, Falkenberg 4, 65439 Fl\u00f6rsheim <strong><br \/>\n<\/strong>Veranstalter: <a href=\"https:\/\/www.eulenspiegelbuch.de\" target=\"_blank\" rel=\"noopener noreferrer\">Buchhandlung Eulenspiegel<\/a>,\u00a0Weiherstra\u00dfe 16, 65239 Hochheim am Main, Tel. (06146) 4615. Eintritt: 8 Euro<\/p>\n<p><strong>Fr, 6. Nov. 2015, 19.30<\/strong><br \/>\nK&amp;M Gutsweine, <span class=\"s2\"> Gluckstrasse 20, 60318 Frankfurt<\/span>-Nordend, Tel. (069) 7171 3430<span class=\"s1\"><br \/>\n<\/span>Eintritt: 29 Euro inkl. feine Weine und kleine Leckereien.<\/p>\n<p><strong>Fr, 16.10.2015, 20h<br \/>\n<\/strong>Vinarmarium, Emmeransstr. 34, 55116 Mainz<br \/>\nLesung in einem uralten Gew\u00f6lbekeller, in dem private Weinbest\u00e4nde lagern.<\/p>\n<p><strong>Sa, 10. Okt. 2015, 16h<br \/>\n<\/strong>&#8222;Samstags um vier&#8220; in der Westend-Stadtbibliothek, 63263 Neu-Isenburg, Tel. (06102) 72 31 23<\/p>\n<p><strong>Fr, 02. Okt. 2015, 20h<br \/>\n<\/strong><a href=\"https:\/\/www.frankfurt-wein.com\" target=\"_blank\" rel=\"noopener noreferrer\">Frankfurt\/Wein<\/a>, Wittelsbacherallee 153, 60385 Frankfurt-Bornheim, Tel. (069) 4035 3086<br \/>\nEintritt:49 Euro inkl. Aperitif, feine Weine und Leckereien vom Buffet.<\/p>\n<p><strong>Fr, 11. Sept. 2015, 19.30h<br \/>\n<\/strong>K&amp;M Gutsweine, <span class=\"s1\">Hamburger Allee 37, 60486 Frankfurt-Bockenheim, Tel. (069) 7171 3430<\/span><br \/>\nEintritt: 29 Euro inkl. feine Weine und kleine Leckereien.<\/p>\n<p><strong>Fr, 19. Juni 2015, 19h<br \/>\n<\/strong>Kaffeer\u00f6sterei R\u00f6stwelt, K\u00f6lner Str. 48, 57072 Siegen<strong><br \/>\n<\/strong>Eintritt: 35 Euro inkl. Wein, H\u00e4ppchen, Kaffee und Schokolade. Karten gibt&#8217;s beim Veranstalter: Vom Fass, K\u00f6lner Str. 53-55, 57072 Siegen, Tel. (0271) 3877 8301<\/p>\n<p><strong>Sa, 18. Apr. 2015, 14.30h<\/strong><br \/>\nMain-Kinzig-Buchmesse 2015, Willi-Salzmann-Halle, Nidderau-Windecken, Leseraum 2<\/p>\n<p><strong>Do, 26. M\u00e4rz 2015, 20h<\/strong><br \/>\nDer Buchladen, Bahnhofstr.18 63500 Seligenstadt<\/p>\n<p><strong>Fr, 30. Jan 2015, 20h<br \/>\n<\/strong>Frankfurt\/Wein, Wittelsbacherallee 153, 60385 Frankfurt<\/p>\n<p><strong>Di, 27. Jan 2015, 19h<br \/>\n<\/strong>Zu Gast bei &#8222;Peters Winetalk&#8220; auf Radio R, R\u00fcsselsheim (UKW 90,9, im Kabel 99,85 oder als Livestream im Netz)<\/p>\n<p><strong>Sa, 20. Dez. 2014 16h<br \/>\n<\/strong>Signierstunde bei den Genussverst\u00e4rkern<strong><br \/>\n<\/strong>Bernardstra\u00dfe 63a (am Goetheplatz), 63067 Offenbach<strong>, <\/strong>Tel. (0172) 777 17 81<\/p>\n<p><strong>Sa, 13. Dez. 2014, 15h<br \/>\n<\/strong>Lesung mit Weinprobe von Rieslingen vom Rotenberg<br \/>\nWeingut Gut Hermannsberg, Ehemalige Weinbaudom\u00e4ne, 55585 Niederhausen (Nahe)<br \/>\nEintritt: 10 Euro.<br \/>\nReservierung unter Tel. 06758-9250-0 oder info@gut-hermannsberg.de.<\/p>\n<p><strong>Do, 4. Dez. 2014 19.30<\/strong><br \/>\nKunstverein im KOMM, Aliceplatz 11, 63065 Offenbach. Die Ausstellungsfl\u00e4che des Offenbacher Kunstvereins liegt sich im ersten Stock des Einkaufszentrums <a href=\"https:\/\/www.komm.de\" target=\"_blank\" rel=\"noopener noreferrer\">KOMM<\/a> neben der Buchhandlung Thalia.<\/p>\n<p><strong>Sa, 29. Nov. 2014, 18-22<\/strong><br \/>\nBuchpr\u00e4sentation auf dem Wein-Advent im Hotel Essener Hof, Am Handelshof 5, 45127 Essen (direkt am Hauptbahnhof).<\/p>\n<p><strong>Do, 20. Nov. 2014, 20h<br \/>\n<\/strong>Gartenstadt B\u00fccher, K\u00f6lner Stra\u00dfe 1, 63110 Rodgau. Die Lesung findet statt im Weinladen Manuel Gries, Ludwig-Erhard-Platz 2-4, 63110 Rodgau<strong>.<\/strong><\/p>\n<p><strong>Do, 13. Nov 2014, 20h<br \/>\n<\/strong>Buchhandlung B\u00fccher vor Ort, Martin-B\u00f6ff-Gasse 2, 60386 Frankfurt-Fechenheim.<br \/>\nDie Lesung findet an einem ungew\u00f6hnlichen Ort statt &#8211; lassen Sie sich \u00fcberraschen!<\/p>\n<p><strong>Fr, 31.Okt. 2014, 19.30h<\/strong><br \/>\nBuchhandlung B\u00fccher Kammer, Diersfordterstr. 4, 46499 Hamminkeln\/Niederrhein.<\/p>\n<p><strong>Do, 23. Okt. 2014, 20h<\/strong><br \/>\nBuch Rabe, Alt-Bieber 1, 63073 Offenbach-Bieber.<br \/>\nDie Lesungspremiere der neuen, engagiert gef\u00fchrten Buchhandlung!<br \/>\n(Ausverkauft!)<\/p>\n<p><span style=\"font-size: 12pt;\"><strong>Do, 16. Okt. 2014, 19h<\/strong><\/span><br \/>\nWeing\u00fcter Wegeler, Friedensplatz 9-11, 65375 Oestrich-Winkel.<br \/>\nEintritt: 10 Euro.<\/p>\n<p><strong>Sa, 27. Sept. 2014, 19.30h<\/strong><br \/>\nBuchhandlung Dichtung &amp; Wahrheit, Obertor 5, 63607 W\u00e4chtersbach. Die Lesung findet statt im Weinkeller von Ulis Obst- und Gem\u00fcsekiste, Untertor 9, 63607 W\u00e4chtersbach. Eintritt: frei!<\/p>\n<p><strong>Fr, 12. Sept. 2014, 19h<br \/>\n<\/strong>Weingut Alte Grafschaft, Rathausgasse 5,<br \/>\n97892 Kreuzwertheim am Main<br \/>\n<span class=\"C-2\"><span class=\"C-5\">Zur Lesung werden ein Ap\u00e9ritif und drei Weine serviert, dazu Mineralwasser, Brot &amp; kleine Snacks. Eintritt: 22 Euro<\/span><\/span><\/p>\n<p><strong>\u00a0<\/strong><\/p>\n<p><em>Weitere Lesungen sind in Vorbereitung.<\/em><\/p>\n","protected":false},"excerpt":{"rendered":"<p>Do, 21. Nov. 2019, 19.00h Lesung &#8222;Wein oder nicht sein&#8220; im Hochheimer Weinbaumuseum, Wiesbadener Str. 1, 65239 Hochheim am Main,\u00a0 Tel (06146) 90 03 33. Mo, 23. Sept. 2019, 19.00h Autorenabend mit Lesung &#8222;Wein oder nicht sein&#8220; in der Buchhandlung &hellip; <a href=\"https:\/\/www.uwekauss.de\/?page_id=24\">Weiterlesen <span class=\"meta-nav\">&rarr;<\/span><\/a><\/p>\n","protected":false},"author":1,"featured_media":0,"parent":0,"menu_order":0,"comment_status":"closed","ping_status":"closed","template":"","meta":{"footnotes":""},"class_list":["post-24","page","type-page","status-publish","hentry"],"aioseo_notices":[],"_links":{"self":[{"href":"https:\/\/www.uwekauss.de\/index.php?rest_route=\/wp\/v2\/pages\/24","targetHints":{"allow":["GET"]}}],"collection":[{"href":"https:\/\/www.uwekauss.de\/index.php?rest_route=\/wp\/v2\/pages"}],"about":[{"href":"https:\/\/www.uwekauss.de\/index.php?rest_route=\/wp\/v2\/types\/page"}],"author":[{"embeddable":true,"href":"https:\/\/www.uwekauss.de\/index.php?rest_route=\/wp\/v2\/users\/1"}],"replies":[{"embeddable":true,"href":"https:\/\/www.uwekauss.de\/index.php?rest_route=%2Fwp%2Fv2%2Fcomments&post=24"}],"version-history":[{"count":138,"href":"https:\/\/www.uwekauss.de\/index.php?rest_route=\/wp\/v2\/pages\/24\/revisions"}],"predecessor-version":[{"id":885,"href":"https:\/\/www.uwekauss.de\/index.php?rest_route=\/wp\/v2\/pages\/24\/revisions\/885"}],"wp:attachment":[{"href":"https:\/\/www.uwekauss.de\/index.php?rest_route=%2Fwp%2Fv2%2Fmedia&parent=24"}],"curies":[{"name":"wp","href":"https:\/\/api.w.org\/{rel}","templated":true}]}}