{"id":21,"date":"2014-04-11T12:08:24","date_gmt":"2014-04-11T10:08:24","guid":{"rendered":"https:\/\/buecherberg.net\/?page_id=21"},"modified":"2014-07-21T18:48:46","modified_gmt":"2014-07-21T16:48:46","slug":"lektorat","status":"publish","type":"page","link":"https:\/\/www.uwekauss.de\/?page_id=21","title":{"rendered":"Lektorat"},"content":{"rendered":"<p><strong>Aus einem guten Text einen hervorragenden machen, den Autor in seiner Intention verstehen und mit einf\u00fchlsamer Kommunikation unterst\u00fctzen &#8211; so entstehen aus m\u00fchevoll erarbeiteten Manuskripten einzigartige B\u00fccher und Texte, die gerne gelesen werden.<\/strong><\/p>\n<p>Um ein noch sytematischeres Herangehen an Texte zu entwickeln, habe ich 2012 und 2013 eine mehrteilige, intensive und umfassende Lektoratsweiterbildung der Akademie des Deutschen Buchhandels (AdB) absolviert. Seitdem bin ich als <strong>Lektor AdB<\/strong> zertifiziert.<\/p>\n<p>Schon seit vielen Jahren bearbeite ich journalistische Texte, PR-Texte und Buchmanuskripte als Redakteur und Lektor. So redigierte ich als Ressortleiter hunderte Artikel von Redaktionskollegen und arbeitete als freier Lektor f\u00fcr viele Projekte des <a href=\"https:\/\/www.luebbe.de\/Buecher\/Buch-Tipps\/Kinder\/1\/10\" target=\"_blank\">Baumhaus Verlages<\/a>. Dazu geh\u00f6rte etwa die Produktion von rund einem dutzend<strong> Kindersachb\u00fccher der Reihe &#8222;Willi wills wissen&#8220;<\/strong> &#8211; f\u00fcr die ich auch als Autor t\u00e4tig war -, das Texten einiger Verlagsprogramme sowie die Konzeption und Realisierung eines begleitenden Booklets f\u00fcr das von Christian Br\u00fcckner gelesene H\u00f6rbuch der Originalausgabe von <strong>Herman Melvilles &#8222;Moby Dick&#8220;<\/strong> auf 24 CDs.<\/p>\n<p>Weiter habe ich als Lektor die \u00fcber 300 Seiten umfassende <a href=\"https:\/\/gut-hermannsberg.de\/de\/weingut\/das-buch\/die-geschichte.html\" target=\"_blank\"><strong>Chronik des Weinguts Gut Hermannsberg<\/strong><\/a> an der Nahe begleitet, das vom K\u00f6nigreich Preu\u00dfen zu Beginn des 20. Jahrhunderts gegr\u00fcndet wurde. Hier haben Susanne Reininger und ich die Recherche unterst\u00fctzt, das Buchmanuskript bearbeitet, die Autorin Dr. Christine Dinse begleitet sowie intensiv die Bildbeschaffung und -auswahl unterst\u00fctzt.<\/p>\n<p>Auch im Werbe- und PR-Lektorat habe ich viele <strong>Unternehmensbrosch\u00fcren, PR-Texte, Kataloge und Pressetexte<\/strong> lektoriert. Referenzen nenne ich Ihnen auf Anfrage jederzeit und gerne.<\/p>\n<p><strong>Privatpersonen<\/strong> biete ich das Bearbeiten von Manuskripten, die professionelle Konzeption von B\u00fcchern sowie die Begleitung durch s\u00e4mtliche Arbeitsschrittte bis zum Druck. Bei Bedarf stehe ich den Autoren gern auch als pers\u00f6nlicher Schreibcoach zur Verf\u00fcgung.<\/p>\n<p>Ob Verlage, Autoren, Unternehmen oder Privatpersonen: <strong>Hohe Professionalit\u00e4t und Kompetenz<\/strong> des B\u00fcchermachens, Verbindlichkeit bei Terminen und Absprachen, systematische Arbeit mit Gesp\u00fcr und gleichzeitig Flexibilit\u00e4t und Kreativit\u00e4t k\u00f6nnen Sie in unserer Zusammenarbeit voraussetzen.<a title=\"Kontakt\" href=\"https:\/\/www.uwekauss.de\/?page_id=44\"> Ich freue mich auf Ihren Kontakt!<\/a><\/p>\n<p>&nbsp;<\/p>\n","protected":false},"excerpt":{"rendered":"<p>Aus einem guten Text einen hervorragenden machen, den Autor in seiner Intention verstehen und mit einf\u00fchlsamer Kommunikation unterst\u00fctzen &#8211; so entstehen aus m\u00fchevoll erarbeiteten Manuskripten einzigartige B\u00fccher und Texte, die gerne gelesen werden. Um ein noch sytematischeres Herangehen an Texte &hellip; <a href=\"https:\/\/www.uwekauss.de\/?page_id=21\">Weiterlesen <span class=\"meta-nav\">&rarr;<\/span><\/a><\/p>\n","protected":false},"author":1,"featured_media":0,"parent":0,"menu_order":0,"comment_status":"closed","ping_status":"closed","template":"","meta":{"footnotes":""},"class_list":["post-21","page","type-page","status-publish","hentry"],"aioseo_notices":[],"_links":{"self":[{"href":"https:\/\/www.uwekauss.de\/index.php?rest_route=\/wp\/v2\/pages\/21","targetHints":{"allow":["GET"]}}],"collection":[{"href":"https:\/\/www.uwekauss.de\/index.php?rest_route=\/wp\/v2\/pages"}],"about":[{"href":"https:\/\/www.uwekauss.de\/index.php?rest_route=\/wp\/v2\/types\/page"}],"author":[{"embeddable":true,"href":"https:\/\/www.uwekauss.de\/index.php?rest_route=\/wp\/v2\/users\/1"}],"replies":[{"embeddable":true,"href":"https:\/\/www.uwekauss.de\/index.php?rest_route=%2Fwp%2Fv2%2Fcomments&post=21"}],"version-history":[{"count":13,"href":"https:\/\/www.uwekauss.de\/index.php?rest_route=\/wp\/v2\/pages\/21\/revisions"}],"predecessor-version":[{"id":310,"href":"https:\/\/www.uwekauss.de\/index.php?rest_route=\/wp\/v2\/pages\/21\/revisions\/310"}],"wp:attachment":[{"href":"https:\/\/www.uwekauss.de\/index.php?rest_route=%2Fwp%2Fv2%2Fmedia&parent=21"}],"curies":[{"name":"wp","href":"https:\/\/api.w.org\/{rel}","templated":true}]}}