{"id":13,"date":"2014-04-11T12:05:49","date_gmt":"2014-04-11T10:05:49","guid":{"rendered":"https:\/\/buecherberg.net\/?page_id=13"},"modified":"2022-09-26T15:01:13","modified_gmt":"2022-09-26T13:01:13","slug":"lebenslauf","status":"publish","type":"page","link":"https:\/\/www.uwekauss.de\/?page_id=13","title":{"rendered":"\u00dcber mich"},"content":{"rendered":"<p><strong>Mein Name ist Uwe Kauss.<br \/>\n<\/strong>Ich bin 1964 geboren und in Frankfurt aufgewachsen. Dort habe ich ein Germanistikstudium (M.A.) absolviert. Ich bin mit der Autorin und Journalistin Susanne Reininger verheiratet. Unser Hund heisst Clark. Seit 2002 wohnen wir in Offenbach am Main. Ich kann nur lesen und schreiben.<\/p>\n<p><strong>Uwe Kauss ist Autor.<\/strong><br \/>\nMeine B\u00fccher reichen vom Roman sowie Erz\u00e4hlungen und Theaterst\u00fccken zum Bildband und vom humorvollen Sachbuch zur spannenden Wissensvermittlung f\u00fcr Kinder. Bislang habe ich 18 Titel geschrieben, die bei guten und renommierten Verlagen erschienen sind.<\/p>\n<p><strong>Uwe Kauss ist Journalist.<\/strong><br \/>\nIch schreibe Berichte, Features, Portr\u00e4ts und Reportagen f\u00fcr renommierte Medien und Verlage. Meine Schwerpunkte sind Kultur, Wissen und Technologie. Und ein artverwandtes Thema: Wein. Mein Ansatz: Kompliziertes einleuchtend machen, Atmosph\u00e4re sp\u00fcrbar werden lassen.<\/p>\n<p><strong>Uwe Kauss ist Lektor.<br \/>\n<\/strong>Aus einem guten Text einen hervorragenden machen, den Autor in seiner Intention verstehen und mit einf\u00fchlsamer Kommunikation unterst\u00fctzen &#8211; so entstehen aus m\u00fchevoll erarbeiteten Manuskripten einzigartige B\u00fccher und Texte, die gerne gelesen werden. Als Lektor AdB unterst\u00fctze ich diesen Prozess gerne in der Konzeption, der Manuskriptbearbeitung und in allen Produktionsschritten.<strong><br \/>\n<\/strong><\/p>\n<p><strong>Uwe Kauss ist PR-und Werbetexter.<\/strong><br \/>\nDie richtige Botschaft, genau auf den Punkt gebracht: Ich biete fundierte Analyse, Konzeption, Kommunikationsberatung und passgenaue Textarbeit f\u00fcr Agenturen, Unternehmen und Corporate Communications-Abteilungen.<\/p>\n<p><strong>Uwe Kauss macht das schon l\u00e4nger.<\/strong><br \/>\nIch verf\u00fcge \u00fcber 30 Jahre Berufserfahrung als schreibender und betreuender Redakteur, Reporter, Ressortleiter, Chefredakteur, Autor, Texter, Medienberater und Schreibtrainer, davon fast zehn Jahre im Redaktionsmanagement.<\/p>\n<p><strong>Uwe Kauss freut sich \u00fcber Mails.<\/strong><br \/>\nWenn Sie Fragen haben, neugierig geworden sind oder Bedarf an Textkompetenz haben:<br \/>\n<a title=\"Kontakt\" href=\"https:\/\/www.uwekauss.de\/?page_id=44\" target=\"_blank\" rel=\"noopener noreferrer\">Mail gen\u00fcgt.<\/a> Oder einfach mal anrufen.<\/p>\n","protected":false},"excerpt":{"rendered":"<p>Mein Name ist Uwe Kauss. Ich bin 1964 geboren und in Frankfurt aufgewachsen. Dort habe ich ein Germanistikstudium (M.A.) absolviert. Ich bin mit der Autorin und Journalistin Susanne Reininger verheiratet. Unser Hund heisst Clark. Seit 2002 wohnen wir in Offenbach &hellip; <a href=\"https:\/\/www.uwekauss.de\/?page_id=13\">Weiterlesen <span class=\"meta-nav\">&rarr;<\/span><\/a><\/p>\n","protected":false},"author":1,"featured_media":0,"parent":0,"menu_order":0,"comment_status":"closed","ping_status":"closed","template":"","meta":{"footnotes":""},"class_list":["post-13","page","type-page","status-publish","hentry"],"aioseo_notices":[],"_links":{"self":[{"href":"https:\/\/www.uwekauss.de\/index.php?rest_route=\/wp\/v2\/pages\/13","targetHints":{"allow":["GET"]}}],"collection":[{"href":"https:\/\/www.uwekauss.de\/index.php?rest_route=\/wp\/v2\/pages"}],"about":[{"href":"https:\/\/www.uwekauss.de\/index.php?rest_route=\/wp\/v2\/types\/page"}],"author":[{"embeddable":true,"href":"https:\/\/www.uwekauss.de\/index.php?rest_route=\/wp\/v2\/users\/1"}],"replies":[{"embeddable":true,"href":"https:\/\/www.uwekauss.de\/index.php?rest_route=%2Fwp%2Fv2%2Fcomments&post=13"}],"version-history":[{"count":28,"href":"https:\/\/www.uwekauss.de\/index.php?rest_route=\/wp\/v2\/pages\/13\/revisions"}],"predecessor-version":[{"id":898,"href":"https:\/\/www.uwekauss.de\/index.php?rest_route=\/wp\/v2\/pages\/13\/revisions\/898"}],"wp:attachment":[{"href":"https:\/\/www.uwekauss.de\/index.php?rest_route=%2Fwp%2Fv2%2Fmedia&parent=13"}],"curies":[{"name":"wp","href":"https:\/\/api.w.org\/{rel}","templated":true}]}}